{"id":5294,"date":"2026-04-09T12:28:26","date_gmt":"2026-04-09T12:28:26","guid":{"rendered":"https:\/\/darkslategrey-walrus-169012.hostingersite.com\/?post_type=product&#038;p=5294"},"modified":"2026-04-09T12:28:27","modified_gmt":"2026-04-09T12:28:27","slug":"chandelier-dore-minimaliste","status":"publish","type":"product","link":"https:\/\/eventyky.be\/en\/product\/chandelier-dore-minimaliste\/","title":{"rendered":"Chandelier dor\u00e9 minimaliste"},"content":{"rendered":"<p>Chandelier dor\u00e9 \u00e9l\u00e9gant au design minimaliste, parfait pour sublimer vos tables de mariage et \u00e9v\u00e9nements haut de gamme. Apporte une touche chic et intemporelle.<\/p>\n","protected":false},"excerpt":{"rendered":"<p>Chandelier dor\u00e9 \u00e9l\u00e9gant au design minimaliste, parfait pour sublimer vos tables de mariage et \u00e9v\u00e9nements haut de gamme. Apporte une touche chic et intemporelle.<\/p>\n","protected":false},"featured_media":5295,"comment_status":"open","ping_status":"closed","template":"","meta":{"_acf_changed":false},"product_brand":[],"product_cat":[131],"product_tag":[],"class_list":{"0":"post-5294","1":"product","2":"type-product","3":"status-publish","4":"has-post-thumbnail","6":"product_cat-chandelier","8":"first","9":"instock","10":"taxable","11":"shipping-taxable","12":"product-type-simple"},"booking_location":null,"booking_location_type":null,"booking_duration":null,"booking_duration_unit":null,"booking_buffer":null,"booking_cost":null,"booking_resources":null,"acf":[],"_links":{"self":[{"href":"https:\/\/eventyky.be\/en\/wp-json\/wp\/v2\/product\/5294","targetHints":{"allow":["GET"]}}],"collection":[{"href":"https:\/\/eventyky.be\/en\/wp-json\/wp\/v2\/product"}],"about":[{"href":"https:\/\/eventyky.be\/en\/wp-json\/wp\/v2\/types\/product"}],"replies":[{"embeddable":true,"href":"https:\/\/eventyky.be\/en\/wp-json\/wp\/v2\/comments?post=5294"}],"wp:featuredmedia":[{"embeddable":true,"href":"https:\/\/eventyky.be\/en\/wp-json\/wp\/v2\/media\/5295"}],"wp:attachment":[{"href":"https:\/\/eventyky.be\/en\/wp-json\/wp\/v2\/media?parent=5294"}],"wp:term":[{"taxonomy":"product_brand","embeddable":true,"href":"https:\/\/eventyky.be\/en\/wp-json\/wp\/v2\/product_brand?post=5294"},{"taxonomy":"product_cat","embeddable":true,"href":"https:\/\/eventyky.be\/en\/wp-json\/wp\/v2\/product_cat?post=5294"},{"taxonomy":"product_tag","embeddable":true,"href":"https:\/\/eventyky.be\/en\/wp-json\/wp\/v2\/product_tag?post=5294"}],"curies":[{"name":"wp","href":"https:\/\/api.w.org\/{rel}","templated":true}]}}