{"id":5291,"date":"2026-04-09T12:28:25","date_gmt":"2026-04-09T12:28:25","guid":{"rendered":"https:\/\/darkslategrey-walrus-169012.hostingersite.com\/?post_type=product&#038;p=5291"},"modified":"2026-04-09T12:28:26","modified_gmt":"2026-04-09T12:28:26","slug":"chandelier-minimaliste","status":"publish","type":"product","link":"https:\/\/eventyky.be\/en\/product\/chandelier-minimaliste\/","title":{"rendered":"Chandelier minimaliste"},"content":{"rendered":"<p>Chandelier d\u00e9coratif premium<br \/>\nDesign \u00e9l\u00e9gant et intemporel<br \/>\nId\u00e9al pour \u00e9v\u00e9nements et d\u00e9coration<br \/>\nApporte une touche raffin\u00e9e<\/p>\n","protected":false},"excerpt":{"rendered":"<p>Chandelier d\u00e9coratif premium Design \u00e9l\u00e9gant et intemporel Id\u00e9al pour \u00e9v\u00e9nements et d\u00e9coration Apporte une touche raffin\u00e9e<\/p>\n","protected":false},"featured_media":5292,"comment_status":"open","ping_status":"closed","template":"","meta":{"_acf_changed":false},"product_brand":[],"product_cat":[131],"product_tag":[],"class_list":{"0":"post-5291","1":"product","2":"type-product","3":"status-publish","4":"has-post-thumbnail","6":"product_cat-chandelier","8":"first","9":"instock","10":"taxable","11":"shipping-taxable","12":"product-type-simple"},"booking_location":null,"booking_location_type":null,"booking_duration":null,"booking_duration_unit":null,"booking_buffer":null,"booking_cost":null,"booking_resources":null,"acf":[],"_links":{"self":[{"href":"https:\/\/eventyky.be\/en\/wp-json\/wp\/v2\/product\/5291","targetHints":{"allow":["GET"]}}],"collection":[{"href":"https:\/\/eventyky.be\/en\/wp-json\/wp\/v2\/product"}],"about":[{"href":"https:\/\/eventyky.be\/en\/wp-json\/wp\/v2\/types\/product"}],"replies":[{"embeddable":true,"href":"https:\/\/eventyky.be\/en\/wp-json\/wp\/v2\/comments?post=5291"}],"wp:featuredmedia":[{"embeddable":true,"href":"https:\/\/eventyky.be\/en\/wp-json\/wp\/v2\/media\/5292"}],"wp:attachment":[{"href":"https:\/\/eventyky.be\/en\/wp-json\/wp\/v2\/media?parent=5291"}],"wp:term":[{"taxonomy":"product_brand","embeddable":true,"href":"https:\/\/eventyky.be\/en\/wp-json\/wp\/v2\/product_brand?post=5291"},{"taxonomy":"product_cat","embeddable":true,"href":"https:\/\/eventyky.be\/en\/wp-json\/wp\/v2\/product_cat?post=5291"},{"taxonomy":"product_tag","embeddable":true,"href":"https:\/\/eventyky.be\/en\/wp-json\/wp\/v2\/product_tag?post=5291"}],"curies":[{"name":"wp","href":"https:\/\/api.w.org\/{rel}","templated":true}]}}