{"id":5269,"date":"2026-04-09T12:28:18","date_gmt":"2026-04-09T12:28:18","guid":{"rendered":"https:\/\/darkslategrey-walrus-169012.hostingersite.com\/?post_type=product&#038;p=5269"},"modified":"2026-04-10T05:56:18","modified_gmt":"2026-04-10T05:56:18","slug":"chandelier-vintage-grand","status":"publish","type":"product","link":"https:\/\/eventyky.be\/en\/product\/chandelier-vintage-grand\/","title":{"rendered":"Chandelier vintage &#8211; Grand"},"content":{"rendered":"<p>Chandelier d\u00e9coratif premium<br \/>\nDesign \u00e9l\u00e9gant et intemporel<br \/>\nId\u00e9al pour \u00e9v\u00e9nements et d\u00e9coration<br \/>\nApporte une touche raffin\u00e9e<\/p>\n","protected":false},"excerpt":{"rendered":"<p>Chandelier d\u00e9coratif premium Design \u00e9l\u00e9gant et intemporel Id\u00e9al pour \u00e9v\u00e9nements et d\u00e9coration Apporte une touche raffin\u00e9e<\/p>\n","protected":false},"featured_media":5270,"comment_status":"open","ping_status":"closed","template":"","meta":{"_acf_changed":false},"product_brand":[],"product_cat":[129,81],"product_tag":[],"class_list":{"0":"post-5269","1":"product","2":"type-product","3":"status-publish","4":"has-post-thumbnail","6":"product_cat-chandelier","7":"product_cat-rentals-2","9":"first","10":"instock","11":"sold-individually","12":"taxable","13":"shipping-taxable","14":"purchasable","15":"product-type-booking"},"booking_location":"","booking_location_type":"","booking_duration":1,"booking_duration_unit":"day","booking_buffer":0,"booking_cost":100,"booking_resources":[],"acf":[],"_links":{"self":[{"href":"https:\/\/eventyky.be\/en\/wp-json\/wp\/v2\/product\/5269","targetHints":{"allow":["GET"]}}],"collection":[{"href":"https:\/\/eventyky.be\/en\/wp-json\/wp\/v2\/product"}],"about":[{"href":"https:\/\/eventyky.be\/en\/wp-json\/wp\/v2\/types\/product"}],"replies":[{"embeddable":true,"href":"https:\/\/eventyky.be\/en\/wp-json\/wp\/v2\/comments?post=5269"}],"wp:featuredmedia":[{"embeddable":true,"href":"https:\/\/eventyky.be\/en\/wp-json\/wp\/v2\/media\/5270"}],"wp:attachment":[{"href":"https:\/\/eventyky.be\/en\/wp-json\/wp\/v2\/media?parent=5269"}],"wp:term":[{"taxonomy":"product_brand","embeddable":true,"href":"https:\/\/eventyky.be\/en\/wp-json\/wp\/v2\/product_brand?post=5269"},{"taxonomy":"product_cat","embeddable":true,"href":"https:\/\/eventyky.be\/en\/wp-json\/wp\/v2\/product_cat?post=5269"},{"taxonomy":"product_tag","embeddable":true,"href":"https:\/\/eventyky.be\/en\/wp-json\/wp\/v2\/product_tag?post=5269"}],"curies":[{"name":"wp","href":"https:\/\/api.w.org\/{rel}","templated":true}]}}