{"id":1415,"date":"2026-03-09T07:19:09","date_gmt":"2026-03-09T07:19:09","guid":{"rendered":"https:\/\/darkslategrey-walrus-169012.hostingersite.com\/?page_id=1415"},"modified":"2026-03-13T11:57:47","modified_gmt":"2026-03-13T11:57:47","slug":"request-a-quote","status":"publish","type":"page","link":"https:\/\/eventyky.be\/en\/request-a-quote\/","title":{"rendered":"Request a Quote"},"content":{"rendered":"\t\t<div data-elementor-type=\"wp-page\" data-elementor-id=\"1415\" class=\"elementor elementor-1415\" data-elementor-post-type=\"page\">\n\t\t\t\t<div class=\"elementor-element elementor-element-b2b7ff3 e-con-full e-flex e-con e-parent\" data-id=\"b2b7ff3\" data-element_type=\"container\" data-e-type=\"container\" data-settings=\"{&quot;background_background&quot;:&quot;classic&quot;}\">\n\t\t\t\t<div class=\"elementor-element elementor-element-e150a68 elementor-widget elementor-widget-heading\" data-id=\"e150a68\" data-element_type=\"widget\" data-e-type=\"widget\" data-widget_type=\"heading.default\">\n\t\t\t\t\t<h1 class=\"elementor-heading-title elementor-size-default\">Request a Quote<\/h1>\t\t\t\t<\/div>\n\t\t\t\t<\/div>\n\t\t<div class=\"elementor-element elementor-element-033f063 e-flex e-con-boxed e-con e-parent\" data-id=\"033f063\" data-element_type=\"container\" data-e-type=\"container\" data-settings=\"{&quot;background_background&quot;:&quot;classic&quot;}\">\n\t\t\t\t\t<div class=\"e-con-inner\">\n\t\t\t\t<div class=\"elementor-element elementor-element-4958d26 elementor-widget elementor-widget-heading\" data-id=\"4958d26\" data-element_type=\"widget\" data-e-type=\"widget\" data-widget_type=\"heading.default\">\n\t\t\t\t\t<h2 class=\"elementor-heading-title elementor-size-default\">Let\u2019s Style Your Perfect Event<\/h2>\t\t\t\t<\/div>\n\t\t\t\t<div class=\"elementor-element elementor-element-41cc73f elementor-widget__width-initial elementor-widget elementor-widget-text-editor\" data-id=\"41cc73f\" data-element_type=\"widget\" data-e-type=\"widget\" data-widget_type=\"text-editor.default\">\n\t\t\t\t\t\t\t\t\tFrom intimate gatherings to grand celebrations, we design stunning event spaces that leave lasting impressions. Share your details and get a custom quote for your event styling. \t\t\t\t\t\t\t\t<\/div>\n\t\t\t\t<div class=\"elementor-element elementor-element-d5b7f63 elementor-align-center elementor-mobile-align-justify elementor-widget elementor-widget-button\" data-id=\"d5b7f63\" data-element_type=\"widget\" data-e-type=\"widget\" data-widget_type=\"button.default\">\n\t\t\t\t\t\t\t\t\t\t<a class=\"elementor-button elementor-button-link elementor-size-sm\" href=\"#\">\n\t\t\t\t\t\t<span class=\"elementor-button-content-wrapper\">\n\t\t\t\t\t\t\t\t\t<span class=\"elementor-button-text\">Request a Quote<\/span>\n\t\t\t\t\t<\/span>\n\t\t\t\t\t<\/a>\n\t\t\t\t\t\t\t\t<\/div>\n\t\t\t\t\t<\/div>\n\t\t\t\t<\/div>\n\t\t<div class=\"elementor-element elementor-element-2a46c5d e-con-full e-flex e-con e-parent\" data-id=\"2a46c5d\" data-element_type=\"container\" data-e-type=\"container\" data-settings=\"{&quot;background_background&quot;:&quot;classic&quot;}\">\n\t\t<div class=\"elementor-element elementor-element-1edd4c9 e-con-full e-flex e-con e-child\" data-id=\"1edd4c9\" data-element_type=\"container\" data-e-type=\"container\" data-settings=\"{&quot;background_background&quot;:&quot;classic&quot;}\">\n\t\t\t\t<\/div>\n\t\t<div class=\"elementor-element elementor-element-a1250f2 e-con-full e-flex e-con e-child\" data-id=\"a1250f2\" data-element_type=\"container\" data-e-type=\"container\">\n\t\t\t\t<div class=\"elementor-element elementor-element-54c2186 elementor-widget elementor-widget-heading\" data-id=\"54c2186\" data-element_type=\"widget\" data-e-type=\"widget\" data-widget_type=\"heading.default\">\n\t\t\t\t\t<h2 class=\"elementor-heading-title elementor-size-default\">Tailored Event Solutions<\/h2>\t\t\t\t<\/div>\n\t\t\t\t<div class=\"elementor-element elementor-element-da5afdc elementor-widget elementor-widget-text-editor\" data-id=\"da5afdc\" data-element_type=\"widget\" data-e-type=\"widget\" data-widget_type=\"text-editor.default\">\n\t\t\t\t\t\t\t\t\tLet us transform your event into an unforgettable experience. Tell us about your celebration and receive a personalized styling plan and quote from our team.\t\t\t\t\t\t\t\t<\/div>\n\t\t\t\t<div class=\"elementor-element elementor-element-7708a1f elementor-align-left elementor-mobile-align-justify elementor-widget elementor-widget-button\" data-id=\"7708a1f\" data-element_type=\"widget\" data-e-type=\"widget\" data-widget_type=\"button.default\">\n\t\t\t\t\t\t\t\t\t\t<a class=\"elementor-button elementor-button-link elementor-size-sm\" href=\"#\">\n\t\t\t\t\t\t<span class=\"elementor-button-content-wrapper\">\n\t\t\t\t\t\t\t\t\t<span class=\"elementor-button-text\">Request a Quote<\/span>\n\t\t\t\t\t<\/span>\n\t\t\t\t\t<\/a>\n\t\t\t\t\t\t\t\t<\/div>\n\t\t\t\t<\/div>\n\t\t\t\t<\/div>\n\t\t<div class=\"elementor-element elementor-element-2fa0955 e-con-full e-flex e-con e-parent\" data-id=\"2fa0955\" data-element_type=\"container\" data-e-type=\"container\" data-settings=\"{&quot;background_background&quot;:&quot;classic&quot;}\">\n\t\t<div class=\"elementor-element elementor-element-d1c81a8 e-con-full e-flex e-con e-child\" data-id=\"d1c81a8\" data-element_type=\"container\" data-e-type=\"container\">\n\t\t\t\t<div class=\"elementor-element elementor-element-aec2841 elementor-widget elementor-widget-heading\" data-id=\"aec2841\" data-element_type=\"widget\" data-e-type=\"widget\" data-widget_type=\"heading.default\">\n\t\t\t\t\t<h2 class=\"elementor-heading-title elementor-size-default\">Commandes professionnelles\n<\/h2>\t\t\t\t<\/div>\n\t\t\t\t<div class=\"elementor-element elementor-element-1b1bac7 elementor-widget elementor-widget-text-editor\" data-id=\"1b1bac7\" data-element_type=\"widget\" data-e-type=\"widget\" data-widget_type=\"text-editor.default\">\n\t\t\t\t\t\t\t\t\tLes organisateurs d\u2019\u00e9v\u00e9nements, d\u00e9corateurs, soci\u00e9t\u00e9s corporate et grandes organisations souhaitant proc\u00e9der \u00e0 l\u2019achat ou \u00e0 la location de grandes quantit\u00e9s peuvent nous adresser une demande de devis pour notre collection.\n\t\t\t\t\t\t\t\t<\/div>\n\t\t\t\t<div class=\"elementor-element elementor-element-dac7d82 elementor-widget elementor-widget-text-editor\" data-id=\"dac7d82\" data-element_type=\"widget\" data-e-type=\"widget\" data-widget_type=\"text-editor.default\">\n\t\t\t\t\t\t\t\t\tApr\u00e8s r\u00e9ception de votre demande, notre \u00e9quipe analysera la disponibilit\u00e9 des articles ainsi que la faisabilit\u00e9 du projet et vous proposera une offre personnalis\u00e9e adapt\u00e9e \u00e0 vos besoins.\n\t\t\t\t\t\t\t\t<\/div>\n\t\t\t\t<div class=\"elementor-element elementor-element-d35ac44 elementor-align-left elementor-mobile-align-justify elementor-widget elementor-widget-button\" data-id=\"d35ac44\" data-element_type=\"widget\" data-e-type=\"widget\" data-widget_type=\"button.default\">\n\t\t\t\t\t\t\t\t\t\t<a class=\"elementor-button elementor-button-link elementor-size-sm\" href=\"#\">\n\t\t\t\t\t\t<span class=\"elementor-button-content-wrapper\">\n\t\t\t\t\t\t\t\t\t<span class=\"elementor-button-text\">Request a Quote<\/span>\n\t\t\t\t\t<\/span>\n\t\t\t\t\t<\/a>\n\t\t\t\t\t\t\t\t<\/div>\n\t\t\t\t<\/div>\n\t\t<div class=\"elementor-element elementor-element-70e4fd2 e-con-full e-flex e-con e-child\" data-id=\"70e4fd2\" data-element_type=\"container\" data-e-type=\"container\" data-settings=\"{&quot;background_background&quot;:&quot;classic&quot;}\">\n\t\t\t\t<\/div>\n\t\t\t\t<\/div>\n\t\t<div class=\"elementor-element elementor-element-5a6139a e-flex e-con-boxed e-con e-parent\" data-id=\"5a6139a\" data-element_type=\"container\" data-e-type=\"container\" data-settings=\"{&quot;background_background&quot;:&quot;classic&quot;}\">\n\t\t\t\t\t<div class=\"e-con-inner\">\n\t\t\t\t<div class=\"elementor-element elementor-element-47e04b5 elementor-widget elementor-widget-heading\" data-id=\"47e04b5\" data-element_type=\"widget\" data-e-type=\"widget\" data-widget_type=\"heading.default\">\n\t\t\t\t\t<h2 class=\"elementor-heading-title elementor-size-default\">Wholesale Orders for Professionals<\/h2>\t\t\t\t<\/div>\n\t\t\t\t<div class=\"elementor-element elementor-element-1594b6c elementor-widget__width-initial elementor-widget elementor-widget-text-editor\" data-id=\"1594b6c\" data-element_type=\"widget\" data-e-type=\"widget\" data-widget_type=\"text-editor.default\">\n\t\t\t\t\t\t\t\t\tEvent planners, stylists, and industry professionals can request wholesale pricing for our curated collection. Share your requirements and receive a tailored quote from our team. \t\t\t\t\t\t\t\t<\/div>\n\t\t\t\t<div class=\"elementor-element elementor-element-dbd1fe4 elementor-align-center elementor-mobile-align-justify elementor-widget elementor-widget-button\" data-id=\"dbd1fe4\" data-element_type=\"widget\" data-e-type=\"widget\" data-widget_type=\"button.default\">\n\t\t\t\t\t\t\t\t\t\t<a class=\"elementor-button elementor-button-link elementor-size-sm\" href=\"#\">\n\t\t\t\t\t\t<span class=\"elementor-button-content-wrapper\">\n\t\t\t\t\t\t\t\t\t<span class=\"elementor-button-text\">Request a Quote<\/span>\n\t\t\t\t\t<\/span>\n\t\t\t\t\t<\/a>\n\t\t\t\t\t\t\t\t<\/div>\n\t\t\t\t\t<\/div>\n\t\t\t\t<\/div>\n\t\t\t\t<\/div>\n\t\t","protected":false},"excerpt":{"rendered":"<p>Request a Quote Let\u2019s Style Your Perfect Event From intimate gatherings to grand celebrations, we design stunning event spaces that leave lasting impressions. Share your details and get a custom quote for your event styling. Request a Quote Tailored Event Solutions Let us transform your event into an unforgettable experience. Tell us about your celebration [&hellip;]<\/p>\n","protected":false},"author":1,"featured_media":0,"parent":0,"menu_order":0,"comment_status":"closed","ping_status":"closed","template":"elementor_header_footer","meta":{"_acf_changed":false,"footnotes":""},"class_list":["post-1415","page","type-page","status-publish","hentry"],"acf":[],"_hostinger_reach_plugin_has_subscription_block":false,"_hostinger_reach_plugin_is_elementor":false,"_links":{"self":[{"href":"https:\/\/eventyky.be\/en\/wp-json\/wp\/v2\/pages\/1415","targetHints":{"allow":["GET"]}}],"collection":[{"href":"https:\/\/eventyky.be\/en\/wp-json\/wp\/v2\/pages"}],"about":[{"href":"https:\/\/eventyky.be\/en\/wp-json\/wp\/v2\/types\/page"}],"author":[{"embeddable":true,"href":"https:\/\/eventyky.be\/en\/wp-json\/wp\/v2\/users\/1"}],"replies":[{"embeddable":true,"href":"https:\/\/eventyky.be\/en\/wp-json\/wp\/v2\/comments?post=1415"}],"version-history":[{"count":29,"href":"https:\/\/eventyky.be\/en\/wp-json\/wp\/v2\/pages\/1415\/revisions"}],"predecessor-version":[{"id":2615,"href":"https:\/\/eventyky.be\/en\/wp-json\/wp\/v2\/pages\/1415\/revisions\/2615"}],"wp:attachment":[{"href":"https:\/\/eventyky.be\/en\/wp-json\/wp\/v2\/media?parent=1415"}],"curies":[{"name":"wp","href":"https:\/\/api.w.org\/{rel}","templated":true}]}}